{"id":313,"date":"2019-06-26T16:49:41","date_gmt":"2019-06-26T16:49:41","guid":{"rendered":"http:\/\/nabilmossadeq.ca\/temoignages\/"},"modified":"2023-01-09T14:49:01","modified_gmt":"2023-01-09T14:49:01","slug":"testimonial","status":"publish","type":"page","link":"https:\/\/nabilmossadeq.ca\/en\/testimonial\/","title":{"rendered":"Testimonial"},"content":{"rendered":"<div class=\"strong-view strong-view-id-1 default wpmtst-default\" data-count=4><div class=\"strong-content strong-normal columns-1\"><div class=\"wpmtst-testimonial testimonial post-367\"><div class=\"wpmtst-testimonial-inner testimonial-inner\"><h3 class=\"wpmtst-testimonial-heading testimonial-heading\">First of all, I&#8217;d like to start by saying<\/h3><div    class=\"wpmtst-testimonial-content testimonial-content\"><div class=\"maybe-clear\"><\/div><p>First of all I would like to start by saying a big thank you to Nabil for selling my house in Dollard-des-Ormeaux. He also managed to find us a condo very quickly, in the location of our choice (close to my son&#8217;s school.) Thank you very much for your services!! \ud83d\ude42<\/p><\/div><div class=\"wpmtst-testimonial-field testimonial-field testimonial-name\">S. Selvadrai<\/div><div class=\"clear\"><\/div><\/div><\/div><div class=\"wpmtst-testimonial testimonial post-443\"><div class=\"wpmtst-testimonial-inner testimonial-inner\"><h3 class=\"wpmtst-testimonial-heading testimonial-heading\">Service impeccable !<\/h3><div    class=\"wpmtst-testimonial-content testimonial-content\"><div class=\"maybe-clear\"><\/div><p>Service impeccable ! Nabil saura d\u00e9nicher pour vous la perle rare, ses conseils valent de l&#8217;or dans un march\u00e9 en perp\u00e9tuel changement ! Suite a ma derni\u00e8re transaction je recommande fortement ses services de courtage immobilier !<\/p><\/div><div class=\"clear\"><\/div><\/div><\/div><div class=\"wpmtst-testimonial testimonial post-445\"><div class=\"wpmtst-testimonial-inner testimonial-inner\"><h3 class=\"wpmtst-testimonial-heading testimonial-heading\">100% recommended!<\/h3><div    class=\"wpmtst-testimonial-content testimonial-content\"><div class=\"maybe-clear\"><\/div><p>An experienced professional noted for his perseverance, he really understands the true needs of his clients to offer them the appropriate service. 100% recommended!<\/p><\/div><div class=\"clear\"><\/div><\/div><\/div><div class=\"wpmtst-testimonial testimonial post-473\"><div class=\"wpmtst-testimonial-inner testimonial-inner\"><h3 class=\"wpmtst-testimonial-heading testimonial-heading\">Incredible experience working with Nabil<\/h3><div    class=\"wpmtst-testimonial-content testimonial-content\"><div class=\"maybe-clear\"><\/div><p>Nabil has been such a pleasure and wonderful agent to work with in finding the perfect home! Without him, I&#8217;m not sure how much longer it would have taken us to find our home. He understood our needs, wants and type of homes we were looking for right away, and honestly, working with him also took away the extra stress we had when we were first looking on our own.<\/p><p>I would absolutely recommend his services to those who are looking to purchase\/sell their homes. I simply cannot put into words the dedication and motivation Nabil has in making sure you find the home you are looking for.<\/p><p>Thank you, from the bottom of our hearts, Nabil!<\/p><\/div><div class=\"wpmtst-testimonial-field testimonial-field testimonial-name\">Cynthia Wong<\/div><div class=\"clear\"><\/div><\/div><\/div><\/div><\/div>\n<div class=\"wpcf7 no-js\" id=\"wpcf7-f908-o1\" lang=\"en-US\" dir=\"ltr\">\n<div class=\"screen-reader-response\"><p role=\"status\" aria-live=\"polite\" aria-atomic=\"true\"><\/p> <ul><\/ul><\/div>\n<form action=\"\/en\/wp-json\/wp\/v2\/pages\/313#wpcf7-f908-o1\" method=\"post\" class=\"wpcf7-form init\" aria-label=\"Contact form\" novalidate=\"novalidate\" data-status=\"init\">\n<div style=\"display: none;\">\n<input type=\"hidden\" name=\"_wpcf7\" value=\"908\" \/>\n<input type=\"hidden\" name=\"_wpcf7_version\" value=\"5.7.2\" \/>\n<input type=\"hidden\" name=\"_wpcf7_locale\" value=\"en_US\" \/>\n<input type=\"hidden\" name=\"_wpcf7_unit_tag\" value=\"wpcf7-f908-o1\" \/>\n<input type=\"hidden\" name=\"_wpcf7_container_post\" value=\"0\" \/>\n<input type=\"hidden\" name=\"_wpcf7_posted_data_hash\" value=\"\" \/>\n<input type=\"hidden\" name=\"_wpcf7_recaptcha_response\" value=\"\" \/>\n<\/div>\n<div class=\"field\">\n          <div class=\"col-lg-6 col-sm-6 col-xs-12\">\n            <label>Your Name: *<\/label>\n          <span class=\"wpcf7-form-control-wrap\" data-name=\"your-name\"><input size=\"40\" class=\"wpcf7-form-control wpcf7-text wpcf7-validates-as-required\" aria-required=\"true\" aria-invalid=\"false\" value=\"\" type=\"text\" name=\"your-name\" \/><\/span>\n          <\/div>\n          <div class=\"col-lg-6 col-sm-6 col-xs-12\">\n            <label>Testimonial title: *<\/label>\n            <span class=\"wpcf7-form-control-wrap\" data-name=\"testimonial-title\"><input size=\"40\" class=\"wpcf7-form-control wpcf7-text wpcf7-validates-as-required\" aria-required=\"true\" aria-invalid=\"false\" value=\"\" type=\"text\" name=\"testimonial-title\" \/><\/span>\n          <\/div>\n        <\/div>\n        <div class=\"field\">\n          <div class=\"col-lg-12 col-sm-12 col-xs-12\">\n            <label>Your testimonial: *<\/label>\n            <span class=\"wpcf7-form-control-wrap\" data-name=\"your-testimonial\"><textarea cols=\"40\" rows=\"10\" class=\"wpcf7-form-control wpcf7-textarea wpcf7-validates-as-required\" aria-required=\"true\" aria-invalid=\"false\" name=\"your-testimonial\"><\/textarea><\/span>\n          <\/div>\n          <div class=\"col-lg-12 col-sm-12 col-xs-12\">\n\n            <input type=\"submit\" value=\"Send\"\/>\n          <\/div>\n        <\/div><div class=\"wpcf7-response-output\" aria-hidden=\"true\"><\/div><\/form><\/div>\n","protected":false},"excerpt":{"rendered":"","protected":false},"author":1,"featured_media":0,"parent":0,"menu_order":0,"comment_status":"closed","ping_status":"closed","template":"","meta":{"footnotes":""},"class_list":["post-313","page","type-page","status-publish","hentry"],"acf":[],"yoast_head":"<!-- This site is optimized with the Yoast SEO plugin v19.13 - https:\/\/yoast.com\/wordpress\/plugins\/seo\/ -->\n<title>Testimonial | Nabil Mossadeq | Residential Real Estate Broker | Remax Infinite<\/title>\n<meta name=\"robots\" content=\"index, follow, max-snippet:-1, max-image-preview:large, max-video-preview:-1\" \/>\n<link rel=\"canonical\" href=\"https:\/\/nabilmossadeq.ca\/en\/testimonial\/\" \/>\n<meta property=\"og:locale\" content=\"en_US\" \/>\n<meta property=\"og:type\" content=\"article\" \/>\n<meta property=\"og:title\" content=\"Testimonial | Nabil Mossadeq | Residential Real Estate Broker | Remax Infinite\" \/>\n<meta property=\"og:url\" content=\"https:\/\/nabilmossadeq.ca\/en\/testimonial\/\" \/>\n<meta property=\"og:site_name\" content=\"Nabil Mossadeq\" \/>\n<meta property=\"article:modified_time\" content=\"2023-01-09T14:49:01+00:00\" \/>\n<meta property=\"og:image\" content=\"https:\/\/nabilmossadeq.ca\/wp-content\/uploads\/2020\/09\/nabil-og.jpg\" \/>\n\t<meta property=\"og:image:width\" content=\"1207\" \/>\n\t<meta property=\"og:image:height\" content=\"640\" \/>\n\t<meta property=\"og:image:type\" content=\"image\/jpeg\" \/>\n<meta name=\"twitter:card\" content=\"summary_large_image\" \/>\n<meta name=\"twitter:label1\" content=\"Est. reading time\" \/>\n\t<meta name=\"twitter:data1\" content=\"1 minute\" \/>\n<script type=\"application\/ld+json\" class=\"yoast-schema-graph\">{\"@context\":\"https:\/\/schema.org\",\"@graph\":[{\"@type\":\"WebPage\",\"@id\":\"https:\/\/nabilmossadeq.ca\/en\/testimonial\/\",\"url\":\"https:\/\/nabilmossadeq.ca\/en\/testimonial\/\",\"name\":\"Testimonial | Nabil Mossadeq | Residential Real Estate Broker | Remax Infinite\",\"isPartOf\":{\"@id\":\"https:\/\/nabilmossadeq.ca\/en\/#website\"},\"datePublished\":\"2019-06-26T16:49:41+00:00\",\"dateModified\":\"2023-01-09T14:49:01+00:00\",\"breadcrumb\":{\"@id\":\"https:\/\/nabilmossadeq.ca\/en\/testimonial\/#breadcrumb\"},\"inLanguage\":\"en-US\",\"potentialAction\":[{\"@type\":\"ReadAction\",\"target\":[\"https:\/\/nabilmossadeq.ca\/en\/testimonial\/\"]}]},{\"@type\":\"BreadcrumbList\",\"@id\":\"https:\/\/nabilmossadeq.ca\/en\/testimonial\/#breadcrumb\",\"itemListElement\":[{\"@type\":\"ListItem\",\"position\":1,\"name\":\"Home\",\"item\":\"https:\/\/nabilmossadeq.ca\/en\/\"},{\"@type\":\"ListItem\",\"position\":2,\"name\":\"Testimonial\"}]},{\"@type\":\"WebSite\",\"@id\":\"https:\/\/nabilmossadeq.ca\/en\/#website\",\"url\":\"https:\/\/nabilmossadeq.ca\/en\/\",\"name\":\"Nabil Mossadeq\",\"description\":\"Residential Real Estate Broker | Remax Infinite\",\"potentialAction\":[{\"@type\":\"SearchAction\",\"target\":{\"@type\":\"EntryPoint\",\"urlTemplate\":\"https:\/\/nabilmossadeq.ca\/en\/?s={search_term_string}\"},\"query-input\":\"required name=search_term_string\"}],\"inLanguage\":\"en-US\"}]}<\/script>\n<!-- \/ Yoast SEO plugin. -->","yoast_head_json":{"title":"Testimonial | Nabil Mossadeq | Residential Real Estate Broker | Remax Infinite","robots":{"index":"index","follow":"follow","max-snippet":"max-snippet:-1","max-image-preview":"max-image-preview:large","max-video-preview":"max-video-preview:-1"},"canonical":"https:\/\/nabilmossadeq.ca\/en\/testimonial\/","og_locale":"en_US","og_type":"article","og_title":"Testimonial | Nabil Mossadeq | Residential Real Estate Broker | Remax Infinite","og_url":"https:\/\/nabilmossadeq.ca\/en\/testimonial\/","og_site_name":"Nabil Mossadeq","article_modified_time":"2023-01-09T14:49:01+00:00","og_image":[{"width":1207,"height":640,"url":"https:\/\/nabilmossadeq.ca\/wp-content\/uploads\/2020\/09\/nabil-og.jpg","type":"image\/jpeg"}],"twitter_card":"summary_large_image","twitter_misc":{"Est. reading time":"1 minute"},"schema":{"@context":"https:\/\/schema.org","@graph":[{"@type":"WebPage","@id":"https:\/\/nabilmossadeq.ca\/en\/testimonial\/","url":"https:\/\/nabilmossadeq.ca\/en\/testimonial\/","name":"Testimonial | Nabil Mossadeq | Residential Real Estate Broker | Remax Infinite","isPartOf":{"@id":"https:\/\/nabilmossadeq.ca\/en\/#website"},"datePublished":"2019-06-26T16:49:41+00:00","dateModified":"2023-01-09T14:49:01+00:00","breadcrumb":{"@id":"https:\/\/nabilmossadeq.ca\/en\/testimonial\/#breadcrumb"},"inLanguage":"en-US","potentialAction":[{"@type":"ReadAction","target":["https:\/\/nabilmossadeq.ca\/en\/testimonial\/"]}]},{"@type":"BreadcrumbList","@id":"https:\/\/nabilmossadeq.ca\/en\/testimonial\/#breadcrumb","itemListElement":[{"@type":"ListItem","position":1,"name":"Home","item":"https:\/\/nabilmossadeq.ca\/en\/"},{"@type":"ListItem","position":2,"name":"Testimonial"}]},{"@type":"WebSite","@id":"https:\/\/nabilmossadeq.ca\/en\/#website","url":"https:\/\/nabilmossadeq.ca\/en\/","name":"Nabil Mossadeq","description":"Residential Real Estate Broker | Remax Infinite","potentialAction":[{"@type":"SearchAction","target":{"@type":"EntryPoint","urlTemplate":"https:\/\/nabilmossadeq.ca\/en\/?s={search_term_string}"},"query-input":"required name=search_term_string"}],"inLanguage":"en-US"}]}},"_links":{"self":[{"href":"https:\/\/nabilmossadeq.ca\/en\/wp-json\/wp\/v2\/pages\/313","targetHints":{"allow":["GET"]}}],"collection":[{"href":"https:\/\/nabilmossadeq.ca\/en\/wp-json\/wp\/v2\/pages"}],"about":[{"href":"https:\/\/nabilmossadeq.ca\/en\/wp-json\/wp\/v2\/types\/page"}],"author":[{"embeddable":true,"href":"https:\/\/nabilmossadeq.ca\/en\/wp-json\/wp\/v2\/users\/1"}],"replies":[{"embeddable":true,"href":"https:\/\/nabilmossadeq.ca\/en\/wp-json\/wp\/v2\/comments?post=313"}],"version-history":[{"count":3,"href":"https:\/\/nabilmossadeq.ca\/en\/wp-json\/wp\/v2\/pages\/313\/revisions"}],"predecessor-version":[{"id":910,"href":"https:\/\/nabilmossadeq.ca\/en\/wp-json\/wp\/v2\/pages\/313\/revisions\/910"}],"wp:attachment":[{"href":"https:\/\/nabilmossadeq.ca\/en\/wp-json\/wp\/v2\/media?parent=313"}],"curies":[{"name":"wp","href":"https:\/\/api.w.org\/{rel}","templated":true}]}}